{"id":17636,"date":"2013-10-16T12:05:38","date_gmt":"2013-10-16T12:05:38","guid":{"rendered":"https:\/\/www.expotrade.com.ar\/contacto\/"},"modified":"2017-10-27T13:29:45","modified_gmt":"2017-10-27T16:29:45","slug":"contacto","status":"publish","type":"page","link":"https:\/\/www.expotrade.com.ar\/br\/contacto\/","title":{"rendered":"Contato"},"content":{"rendered":"<div class=\"wpb-content-wrapper\"><p>[vc_row css_animation=&#8221;&#8221; row_type=&#8221;row&#8221; use_row_as_full_screen_section=&#8221;no&#8221; type=&#8221;full_width&#8221; angled_section=&#8221;no&#8221; text_align=&#8221;left&#8221; background_image_as_pattern=&#8221;without_pattern&#8221;][vc_column][vc_column_text]<\/p>\n<h3>Nosso Escrit\u00f3rio<\/h3>\n<p>[\/vc_column_text][vc_separator type=&#8221;transparent&#8221; up=&#8221;6&#8243; down=&#8221;6&#8243;][vc_column_text]<i class=\"qode_icon_font_awesome fa fa-map-marker qode_icon_element\" style=\"color: #cccccc;\"><\/i> Guatemala 5885 (C1425BVM)<br \/>\nBuenos Aires &#8211; Argentina<br \/>\n<i class=\"qode_icon_font_awesome fa fa-phone qode_icon_element\" style=\"color: #cccccc;\"><\/i> (54-11) 4779-5300<br \/>\n<i class=\"qode_icon_font_awesome fa fa-fax qode_icon_element\" style=\"color: #cccccc;\"><\/i> Fax: (54-11) 4779-5353<br \/>\n<i class=\"qode_icon_font_awesome fa fa-envelope qode_icon_element\" style=\"color: #cccccc;\"><\/i> eventos@expotrade.com.ar<br \/>\n<i class=\"qode_icon_font_awesome fa fa-clock-o qode_icon_element\" style=\"color: #cccccc;\"><\/i> <strong>Hor\u00e1rio de aten\u00e7\u00e3o:<\/strong><br \/>\n9:00 a 18:00 hs.[\/vc_column_text][vc_separator type=&#8221;transparent&#8221; up=&#8221;6&#8243; down=&#8221;6&#8243;]<span class='q_social_icon_holder normal_social' ><a itemprop='url' href='https:\/\/twitter.com\/' target='_blank'><i class=\"qode_icon_font_awesome fa fa-twitter fa-lg simple_social\" style=\"margin: 0 13px 0 0;\" ><\/i><\/a><\/span><span class='q_social_icon_holder normal_social' ><a itemprop='url' href='https:\/\/www.facebook.com\/' target='_blank'><i class=\"qode_icon_font_awesome fa fa-facebook fa-lg simple_social\" style=\"margin: 0 13px 0 0;\" ><\/i><\/a><\/span><span class='q_social_icon_holder normal_social' ><a itemprop='url' href='https:\/\/plus.google.com' target='_blank'><i class=\"qode_icon_font_awesome fa fa-linkedin fa-lg simple_social\" style=\"margin: 0 13px 0 0;\" ><\/i><\/a><\/span>[\/vc_column][\/vc_row]<\/p>\n<\/div>","protected":false},"excerpt":{"rendered":"<p>[vc_row css_animation=&#8221;&#8221; row_type=&#8221;row&#8221; use_row_as_full_screen_section=&#8221;no&#8221; type=&#8221;full_width&#8221; angled_section=&#8221;no&#8221; text_align=&#8221;left&#8221; background_image_as_pattern=&#8221;without_pattern&#8221;][vc_column][vc_column_text] Nosso Escrit\u00f3rio [\/vc_column_text][vc_separator type=&#8221;transparent&#8221; up=&#8221;6&#8243; down=&#8221;6&#8243;][vc_column_text] Guatemala 5885 (C1425BVM) Buenos Aires &#8211; Argentina (54-11) 4779-5300 Fax: (54-11) 4779-5353 eventos@expotrade.com.ar Hor\u00e1rio de aten\u00e7\u00e3o: 9:00 a 18:00 hs.[\/vc_column_text][vc_separator type=&#8221;transparent&#8221; up=&#8221;6&#8243; down=&#8221;6&#8243;][\/vc_column][\/vc_row]<\/p>\n","protected":false},"author":13341,"featured_media":0,"parent":0,"menu_order":0,"comment_status":"closed","ping_status":"closed","template":"full_width.php","meta":{"footnotes":"","_wp_rev_ctl_limit":""},"class_list":["post-17636","page","type-page","status-publish","hentry"],"_links":{"self":[{"href":"https:\/\/www.expotrade.com.ar\/br\/wp-json\/wp\/v2\/pages\/17636","targetHints":{"allow":["GET"]}}],"collection":[{"href":"https:\/\/www.expotrade.com.ar\/br\/wp-json\/wp\/v2\/pages"}],"about":[{"href":"https:\/\/www.expotrade.com.ar\/br\/wp-json\/wp\/v2\/types\/page"}],"author":[{"embeddable":true,"href":"https:\/\/www.expotrade.com.ar\/br\/wp-json\/wp\/v2\/users\/13341"}],"replies":[{"embeddable":true,"href":"https:\/\/www.expotrade.com.ar\/br\/wp-json\/wp\/v2\/comments?post=17636"}],"version-history":[{"count":2,"href":"https:\/\/www.expotrade.com.ar\/br\/wp-json\/wp\/v2\/pages\/17636\/revisions"}],"predecessor-version":[{"id":17655,"href":"https:\/\/www.expotrade.com.ar\/br\/wp-json\/wp\/v2\/pages\/17636\/revisions\/17655"}],"wp:attachment":[{"href":"https:\/\/www.expotrade.com.ar\/br\/wp-json\/wp\/v2\/media?parent=17636"}],"curies":[{"name":"wp","href":"https:\/\/api.w.org\/{rel}","templated":true}]}}