{"id":17629,"date":"2017-01-03T12:47:43","date_gmt":"2017-01-03T12:47:43","guid":{"rendered":"https:\/\/www.expotrade.com.ar\/institucional\/"},"modified":"2017-10-26T17:12:50","modified_gmt":"2017-10-26T20:12:50","slug":"institucional","status":"publish","type":"page","link":"https:\/\/www.expotrade.com.ar\/br\/institucional\/","title":{"rendered":"Institucional"},"content":{"rendered":"<div class=\"wpb-content-wrapper\"><p>[vc_row css_animation=&#8221;&#8221; row_type=&#8221;row&#8221; use_row_as_full_screen_section=&#8221;no&#8221; type=&#8221;grid&#8221; angled_section=&#8221;no&#8221; text_align=&#8221;left&#8221; background_image_as_pattern=&#8221;without_pattern&#8221; background_color=&#8221;#ffffff&#8221; border_color=&#8221;#eeeeee&#8221; padding_top=&#8221;73&#8243; padding_bottom=&#8221;0&#8243;][vc_column][vc_column_text]<\/p>\n<h2 style=\"text-align: center; text-transform: capitalize;\">O caminho direto aos Bons Neg\u00f3cios<\/h2>\n<p>[\/vc_column_text][vc_separator type=&#8221;small&#8221; position=&#8221;center&#8221; up=&#8221;20&#8243; down=&#8221;80&#8243;][vc_row_inner row_type=&#8221;row&#8221; type=&#8221;full_width&#8221; text_align=&#8221;left&#8221; css_animation=&#8221;&#8221;][vc_column_inner width=&#8221;1\/3&#8243;][vc_separator type=&#8221;transparent&#8221; up=&#8221;93&#8243; down=&#8221;0&#8243;][vc_column_text]<span style=\"color: #f36f21;\">EXPOTRADE \u00e9 uma empresa dedicada \u00e0 organiza\u00e7\u00e3o integral e a comercializa\u00e7\u00e3o de exposi\u00e7\u00f5es profissionais e conferencias de marketing para que as empresas apontem suas a\u00e7\u00f5es diretamente aos potenciais clientes.<\/span>[\/vc_column_text][vc_separator type=&#8221;transparent&#8221; up=&#8221;93&#8243; down=&#8221;0&#8243;][\/vc_column_inner][vc_column_inner width=&#8221;2\/3&#8243;][vc_separator type=&#8221;transparent&#8221; up=&#8221;1&#8243; down=&#8221;0&#8243;]<div class='q_progress_bar'><h5 class='progress_title_holder clearfix' style=''><span class='progress_title'><span>Eventos<\/span><\/span><span class='progress_number' style=''><span>0<\/span>%<\/span><\/h5><div class='progress_content_outer' style=''><div data-percentage='60' class='progress_content' style=''><\/div><\/div><\/div><div class='q_progress_bar'><h5 class='progress_title_holder clearfix' style=''><span class='progress_title'><span>Exposiciones<\/span><\/span><span class='progress_number' style=''><span>0<\/span>%<\/span><\/h5><div class='progress_content_outer' style=''><div data-percentage='90' class='progress_content' style=''><\/div><\/div><\/div><div class='q_progress_bar'><h5 class='progress_title_holder clearfix' style=''><span class='progress_title'><span>Imprensa<\/span><\/span><span class='progress_number' style=''><span>0<\/span>%<\/span><\/h5><div class='progress_content_outer' style=''><div data-percentage='75' class='progress_content' style=''><\/div><\/div><\/div><div class='q_progress_bar'><h5 class='progress_title_holder clearfix' style=''><span class='progress_title'><span>Marketing Online e Offline<\/span><\/span><span class='progress_number' style=''><span>0<\/span>%<\/span><\/h5><div class='progress_content_outer' style=''><div data-percentage='85' class='progress_content' style=''><\/div><\/div><\/div>[vc_separator type=&#8221;transparent&#8221; up=&#8221;93&#8243; down=&#8221;0&#8243;][\/vc_column_inner][\/vc_row_inner][\/vc_column][\/vc_row][vc_row css_animation=&#8221;&#8221; row_type=&#8221;row&#8221; use_row_as_full_screen_section=&#8221;no&#8221; type=&#8221;grid&#8221; angled_section=&#8221;no&#8221; text_align=&#8221;left&#8221; background_image_as_pattern=&#8221;without_pattern&#8221; background_color=&#8221;#ffffff&#8221; padding_top=&#8221;80&#8243; padding_bottom=&#8221;0&#8243;][vc_column][vc_column_text]<\/p>\n<h2 style=\"text-align: center; text-transform: capitalize;\">Com sede central na Cidade aut\u00f4noma de Buenos Aires, na Argentina, com representantes nos Estados Unidos e na Uni\u00e3o Europ\u00e9ia.<\/h2>\n<p>[\/vc_column_text][vc_separator type=&#8221;small&#8221; position=&#8221;center&#8221; up=&#8221;20&#8243; down=&#8221;80&#8243;][vc_row_inner row_type=&#8221;row&#8221; type=&#8221;full_width&#8221; text_align=&#8221;left&#8221; css_animation=&#8221;&#8221;][vc_column_inner width=&#8221;2\/3&#8243;][vc_column_text]<\/p>\n<p style=\"text-align: left;\">Desde 1993, nossas exposi\u00e7\u00f5es re\u00fanem aos fabricantes, provedores, representantes e usu\u00e1rios em um ambiente de neg\u00f3cios. As demonstra\u00e7\u00f5es atuam como uma plataforma para apresentar as novas tecnologias, estabelecer novos contatos comerciai, lan\u00e7ar novos produtos e analisar as tend\u00eancias da industria. Atualmente as exposi\u00e7\u00f5es passaram a ser parte de uma ampla gama de servi\u00e7os e produtos que integram uma estrat\u00e9gia comercial compreensiva e especifica.<\/p>\n<p>[\/vc_column_text][\/vc_column_inner][vc_column_inner width=&#8221;1\/3&#8243; css=&#8221;.vc_custom_1493046457446{background-color: #4c4c4c !important;}&#8221;][vc_single_image image=&#8221;16733&#8243; img_size=&#8221;full&#8221; alignment=&#8221;center&#8221; qode_css_animation=&#8221;&#8221;][\/vc_column_inner][\/vc_row_inner][vc_empty_space height=&#8221;52px&#8221;][\/vc_column][\/vc_row][vc_row css_animation=&#8221;&#8221; row_type=&#8221;row&#8221; use_row_as_full_screen_section=&#8221;no&#8221; type=&#8221;grid&#8221; angled_section=&#8221;no&#8221; text_align=&#8221;left&#8221; background_image_as_pattern=&#8221;without_pattern&#8221; background_color=&#8221;#ffffff&#8221;][vc_column width=&#8221;1\/3&#8243; css=&#8221;.vc_custom_1493047203912{padding-right: 5% !important;}&#8221;]<span data-type=\"circle\"   class=\"qode_icon_shortcode fa-stack q_font_awsome_icon_stack fa-4x pull-center q_icon_animation\" style=\" transition-delay: 50ms; -webkit-transition-delay: 50ms; -moz-transition-delay: 50ms; -o-transition-delay: 50ms;\"><i class=\"fa fa-circle fa-stack-base fa-stack-2x\" style=\"\"><\/i><i class=\"qode_icon_font_awesome fa fa-bar-chart qode_icon_element fa-stack-1x\" style=\"\" ><\/i><\/span>[vc_row_inner row_type=&#8221;row&#8221; use_as_box=&#8221;use_row_as_box&#8221; type=&#8221;full_width&#8221; text_align=&#8221;left&#8221; css_animation=&#8221;&#8221; padding=&#8221;10&#8243;][vc_column_inner][vc_column_text]<\/p>\n<h3 style=\"text-align: center;\">Nossa Filosofia<\/h3>\n<p>[\/vc_column_text][vc_separator type=&#8221;transparent&#8221; up=&#8221;6&#8243; down=&#8221;0&#8243;][vc_column_text]A empresa e a equipe de pessoas que a comp\u00f5em est\u00e3o abocadas a um objetivo claro e principal: ajudar aos nossos clientes a vender mais. Para poder alcan\u00e7ar a meta n\u00f3s oferecemos ao mercado diferentes produtos e servi\u00e7os de marketing para que os clientes tenham UMA CONTINUA EXPOSI\u00c7\u00c3O NO MERCADO. Um dos pilares de este enfoque \u00e9 considerar a nossos clientes como s\u00f3cios para o desenvolvimento de suas respectivas empresas e por tanto de suas ind\u00fastrias.[\/vc_column_text][\/vc_column_inner][\/vc_row_inner][vc_separator type=&#8221;transparent&#8221; up=&#8221;39&#8243; down=&#8221;0&#8243;][\/vc_column][vc_column width=&#8221;1\/3&#8243; css=&#8221;.vc_custom_1493047210262{padding-right: 5% !important;}&#8221;]<span data-type=\"circle\"   class=\"qode_icon_shortcode fa-stack q_font_awsome_icon_stack fa-4x pull-center q_icon_animation\" style=\" transition-delay: 50ms; -webkit-transition-delay: 50ms; -moz-transition-delay: 50ms; -o-transition-delay: 50ms;\"><i class=\"fa fa-circle fa-stack-base fa-stack-2x\" style=\"\"><\/i><i class=\"qode_icon_font_awesome fa fa-thumbs-o-up qode_icon_element fa-stack-1x\" style=\"\" ><\/i><\/span>[vc_row_inner row_type=&#8221;row&#8221; use_as_box=&#8221;use_row_as_box&#8221; type=&#8221;full_width&#8221; text_align=&#8221;left&#8221; css_animation=&#8221;&#8221; padding=&#8221;10&#8243;][vc_column_inner][vc_column_text]<\/p>\n<h3 style=\"text-align: center;\"><strong>Satisfa\u00e7\u00e3o do cliente<\/strong><\/h3>\n<p>[\/vc_column_text][vc_separator type=&#8221;transparent&#8221; up=&#8221;6&#8243; down=&#8221;0&#8243;][vc_column_text]Nossa premissa \u00e9 oferecer \u201cValue for Money\u201d (Valores por dinheiro), seja concretizando neg\u00f3cios em uma exposi\u00e7\u00e3o ou como usu\u00e1rios de nossa base de dado para mailings ou por meio da confec\u00e7\u00e3o de um banner em nossos sites web ou newsletters, ou participando em diferentes produtos editoriais. Nosso fim \u00e9 que o cliente obtenha um alto Retorno sobre a invers\u00e3o realizada<br \/>\n[\/vc_column_text][\/vc_column_inner][\/vc_row_inner][vc_separator type=&#8221;transparent&#8221; up=&#8221;39&#8243; down=&#8221;0&#8243;][\/vc_column][vc_column width=&#8221;1\/3&#8243;]<span data-type=\"circle\"   class=\"qode_icon_shortcode fa-stack q_font_awsome_icon_stack fa-4x pull-center q_icon_animation\" style=\" transition-delay: 50ms; -webkit-transition-delay: 50ms; -moz-transition-delay: 50ms; -o-transition-delay: 50ms;\"><i class=\"fa fa-circle fa-stack-base fa-stack-2x\" style=\"\"><\/i><i class=\"qode_icon_font_awesome fa fa-calendar-check-o qode_icon_element fa-stack-1x\" style=\"\" ><\/i><\/span>[vc_row_inner row_type=&#8221;row&#8221; use_as_box=&#8221;use_row_as_box&#8221; type=&#8221;full_width&#8221; text_align=&#8221;left&#8221; css_animation=&#8221;&#8221; padding=&#8221;10&#8243;][vc_column_inner][vc_column_text]<\/p>\n<h3 style=\"text-align: center;\"><strong>Nosso Know-How<\/strong><\/h3>\n<p>[\/vc_column_text][vc_separator type=&#8221;transparent&#8221; up=&#8221;6&#8243; down=&#8221;0&#8243;][vc_column_text]O exerc\u00edcio de nossa atividade nos deu a experi\u00eancia e a efic\u00e1cia na detec\u00e7\u00e3o de nichos de mercado, na comercializa\u00e7\u00e3o dos espa\u00e7os de exibi\u00e7\u00e3o, na difus\u00e3o e imprensa de nossos eventos e na convoca\u00e7\u00e3o de um p\u00fablico qualificado; Al\u00e9m da operativa e da log\u00edstica para a partida do encontro e a aplica\u00e7\u00e3o de solu\u00e7\u00f5es inform\u00e1ticas.[\/vc_column_text][\/vc_column_inner][\/vc_row_inner][vc_separator type=&#8221;transparent&#8221; up=&#8221;39&#8243; down=&#8221;0&#8243;][\/vc_column][\/vc_row][vc_row css_animation=&#8221;&#8221; row_type=&#8221;row&#8221; use_row_as_full_screen_section=&#8221;no&#8221; type=&#8221;full_width&#8221; angled_section=&#8221;no&#8221; text_align=&#8221;left&#8221; background_image_as_pattern=&#8221;without_pattern&#8221; css=&#8221;.vc_custom_1493046594595{background-image: url(https:\/\/expotrade.com.ar\/wp-content\/uploads\/2017\/01\/institucional_2.jpeg?id=16807) !important;}&#8221;][vc_column][vc_separator type=&#8221;transparent&#8221; up=&#8221;100&#8243; down=&#8221;0&#8243;][vc_column_text]<\/p>\n<h2 style=\"text-align: center; color: #ffffff;\">Industrias y Contactos<\/h2>\n<p>[\/vc_column_text][vc_separator type=&#8221;transparent&#8221; up=&#8221;100&#8243; down=&#8221;0&#8243;][\/vc_column][\/vc_row][vc_row css_animation=&#8221;&#8221; row_type=&#8221;row&#8221; use_row_as_full_screen_section=&#8221;no&#8221; type=&#8221;grid&#8221; angled_section=&#8221;no&#8221; text_align=&#8221;left&#8221; background_image_as_pattern=&#8221;without_pattern&#8221;][vc_column width=&#8221;1\/2&#8243;][vc_separator type=&#8221;transparent&#8221; up=&#8221;39&#8243; down=&#8221;0&#8243;][vc_column_text]<\/p>\n<h4>As Ind\u00fastrias de Nossas Exposi\u00e7\u00f5es<\/h4>\n<p>[\/vc_column_text][vc_separator type=&#8221;transparent&#8221; up=&#8221;39&#8243; down=&#8221;0&#8243;][vc_column_text]Nossas Exposi\u00e7\u00f5es identificam se por sua especializa\u00e7\u00e3o.<br \/>\n<strong>EXPOTRADE re\u00fane as diferentes ind\u00fastrias, entre as quais se destacam:<\/strong>[\/vc_column_text][vc_row_inner row_type=&#8221;row&#8221; type=&#8221;full_width&#8221; text_align=&#8221;left&#8221; css_animation=&#8221;&#8221;][vc_column_inner width=&#8221;1\/2&#8243;][vc_column_text]<i class=\"qode_icon_font_awesome fa fa-check-circle-o qode_icon_element\" style=\"color: #f47a20;\"><\/i> Transporte de carga e passageiros<br \/>\n<i class=\"qode_icon_font_awesome fa fa-check-circle-o qode_icon_element\" style=\"color: #f47a20;\"><\/i> Servi\u00e7os de transporte multimodal<br \/>\n<i class=\"qode_icon_font_awesome fa fa-check-circle-o qode_icon_element\" style=\"color: #f47a20;\"><\/i> Comunica\u00e7\u00e3o visual e serigrafia<br \/>\n<i class=\"qode_icon_font_awesome fa fa-check-circle-o qode_icon_element\" style=\"color: #f47a20;\"><\/i> Tecnologias para a impress\u00e3o gr\u00e1fica e a fotografia digital<br \/>\n<i class=\"qode_icon_font_awesome fa fa-check-circle-o qode_icon_element\" style=\"color: #f47a20;\"><\/i> Limpeza industrial e empresarial<br \/>\n<i class=\"qode_icon_font_awesome fa fa-check-circle-o qode_icon_element\" style=\"color: #f47a20;\"><\/i> Seguran\u00e7a empresarial<br \/>\n<i class=\"qode_icon_font_awesome fa fa-check-circle-o qode_icon_element\" style=\"color: #f47a20;\"><\/i> Prote\u00e7\u00e3o industrial<br \/>\n<i class=\"qode_icon_font_awesome fa fa-check-circle-o qode_icon_element\" style=\"color: #f47a20;\"><\/i> Embalagem<br \/>\n<i class=\"qode_icon_font_awesome fa fa-check-circle-o qode_icon_element\" style=\"color: #f47a20;\"><\/i> Tecnologia para a arquitetura, engenharia, manufatura e constru\u00e7\u00e3o<br \/>\n<i class=\"qode_icon_font_awesome fa fa-check-circle-o qode_icon_element\" style=\"color: #f47a20;\"><\/i> Tecnologia geo &#8211; especiais[\/vc_column_text][\/vc_column_inner][vc_column_inner width=&#8221;1\/2&#8243;][vc_column_text]<i class=\"qode_icon_font_awesome fa fa-check-circle-o qode_icon_element\" style=\"color: #f47a20;\"><\/i> Tecnologia de aplica\u00e7\u00f5es de cart\u00f5es inteligentes<br \/>\n<i class=\"qode_icon_font_awesome fa fa-check-circle-o qode_icon_element\" style=\"color: #f47a20;\"><\/i> Identifica\u00e7\u00e3o e captura autom\u00e1tica de dados<br \/>\n<i class=\"qode_icon_font_awesome fa fa-check-circle-o qode_icon_element\" style=\"color: #f47a20;\"><\/i> Solu\u00e7\u00f5es para o comercio eletr\u00f4nico<br \/>\n<i class=\"qode_icon_font_awesome fa fa-check-circle-o qode_icon_element\" style=\"color: #f47a20;\"><\/i> Log\u00edstica e movimento de mercadorias<br \/>\n<i class=\"qode_icon_font_awesome fa fa-check-circle-o qode_icon_element\" style=\"color: #f47a20;\"><\/i> Desenho e equipamento de lojas comerciais<br \/>\n<i class=\"qode_icon_font_awesome fa fa-check-circle-o qode_icon_element\" style=\"color: #f47a20;\"><\/i> Telecomunica\u00e7\u00f5es e management<br \/>\n<i class=\"qode_icon_font_awesome fa fa-check-circle-o qode_icon_element\" style=\"color: #f47a20;\"><\/i> Solu\u00e7\u00f5es tecnol\u00f3gicas para empresas<br \/>\n[\/vc_column_text][\/vc_column_inner][\/vc_row_inner][vc_empty_space][\/vc_column][vc_column width=&#8221;1\/2&#8243;][vc_separator type=&#8221;transparent&#8221; up=&#8221;39&#8243; down=&#8221;0&#8243;][vc_column_text]<\/p>\n<h4>Nossos Contatos<\/h4>\n<p>[\/vc_column_text][vc_separator type=&#8221;transparent&#8221; up=&#8221;39&#8243; down=&#8221;0&#8243;][vc_column_text]Estabelecemo-nos CONTATO com aquelas empresas que \u00e9 piv\u00f4 da oferta e demanda e temos uma estrutura tecnol\u00f3gica que satisfaze um maneio eficiente e vers\u00e1til da base de dados de estes contatos. Possu\u00edmos uma informa\u00e7\u00e3o precisa com segmenta\u00e7\u00f5es por cargo e atividade, decis\u00e3o na compra, geografia e estrutura de empresa, entre outras.[\/vc_column_text][\/vc_column][\/vc_row][vc_row css_animation=&#8221;&#8221; row_type=&#8221;row&#8221; use_row_as_full_screen_section=&#8221;no&#8221; type=&#8221;full_width&#8221; angled_section=&#8221;no&#8221; text_align=&#8221;left&#8221; background_image_as_pattern=&#8221;without_pattern&#8221; css=&#8221;.vc_custom_1493046765437{background-image: url(https:\/\/expotrade.com.ar\/wp-content\/uploads\/2017\/01\/institucional_3.jpeg?id=16809) !important;}&#8221;][vc_column][vc_separator type=&#8221;transparent&#8221; down=&#8221;100&#8243;][vc_column_text]<\/p>\n<h2 style=\"text-align: center; color: #ffffff;\">NOSSA ESTRUTURA E CAPACIDADE LOG\u00cdSTICA<\/h2>\n<p>[\/vc_column_text][vc_separator type=&#8221;transparent&#8221; down=&#8221;100&#8243;][\/vc_column][\/vc_row][vc_row css_animation=&#8221;&#8221; row_type=&#8221;row&#8221; use_row_as_full_screen_section=&#8221;no&#8221; type=&#8221;grid&#8221; angled_section=&#8221;no&#8221; text_align=&#8221;left&#8221; background_image_as_pattern=&#8221;without_pattern&#8221;][vc_column width=&#8221;1\/2&#8243;][vc_empty_space][vc_column_text]Desde 1993 EXPOTRADE realizou a comercializa\u00e7\u00e3o, difus\u00e3o, coordena\u00e7\u00e3o do armado, a realiza\u00e7\u00e3o e a convocat\u00f3ria de visitantes em mais de cem exposi\u00e7\u00f5es e congressos; coordenado e posto em cena de festas e espet\u00e1culos empresariais, como assim tamb\u00e9m a produ\u00e7\u00e3o, edi\u00e7\u00e3o e publica\u00e7\u00e3o de revistas de nicho e suplementos massivos a n\u00edvel nacional.[\/vc_column_text][vc_separator type=&#8221;small&#8221; position=&#8221;center&#8221; color=&#8221;#f47a20&#8243; transparency=&#8221;1&#8243; thickness=&#8221;1&#8243; up=&#8221;10&#8243; down=&#8221;10&#8243;][vc_column_text]O apartamento comercial esta conformado por profissionais com uma ampla experi\u00eancia na comercializa\u00e7\u00e3o de exposi\u00e7\u00f5es, meios de comunica\u00e7\u00e3o, a\u00e7\u00f5es de marketing e encontros de neg\u00f3cios. A coordena\u00e7\u00e3o comercial \u00e9 integral e cada L\u00edder de Projetos entabula uma rela\u00e7\u00e3o pessoal com os expoentes de cada ind\u00fastria. Assim, nossos clientes encontram no Apartamento Comercial uma aten\u00e7\u00e3o personalizada que os acompanha, ano ap\u00f3s ano, no seu desenvolvimento empresarial.[\/vc_column_text][vc_separator type=&#8221;small&#8221; position=&#8221;center&#8221; color=&#8221;#f47a20&#8243; transparency=&#8221;1&#8243; thickness=&#8221;1&#8243; up=&#8221;10&#8243; down=&#8221;10&#8243;][vc_column_text]O Apartamento de Opera\u00e7\u00f5es \u00e9 o motor operativo e log\u00edstico da empresa. Destaca-se pela bem-sucedia dire\u00e7\u00e3o de demonstra\u00e7\u00e3o de diferentes perfis, realizadas incluso ao mesmo tempo e em diferentes propriedades. A equipe que o integra coordena os pedidos das empresas expositoras, certificando-se de que na montagem e na constru\u00e7\u00e3o dos stands sejam respeitadas as regras do organizador e o regulamento da propriedade. O Apartamento de Opera\u00e7\u00f5es centraliza o trabalho dos provedores na sede e dirige a montagem das demonstra\u00e7\u00f5es, fornecendo a operativa das empresas expositoras. Da mesma forma executa outros formatos de eventos, assim tamb\u00e9m coordena a produ\u00e7\u00e3o e distribui\u00e7\u00e3o dos meios gr\u00e1ficos.[\/vc_column_text][vc_separator type=&#8221;small&#8221; position=&#8221;center&#8221; color=&#8221;#f47a20&#8243; transparency=&#8221;1&#8243; thickness=&#8221;1&#8243; up=&#8221;10&#8243; down=&#8221;10&#8243;][vc_column_text]O Apartamento de Aten\u00e7\u00e3o al Visitante tem seu foco na localiza\u00e7\u00e3o do publico objeto de cada evento, sua identifica\u00e7\u00e3o e via de contato, procurando estabelecer suas necessidades para definir o conte\u00fado a apresentar em cada produto, captando sua aten\u00e7\u00e3o. Define as tem\u00e1ticas acad\u00e9micas. De cada evento, suas atividades paralelas e complementarias. Tamb\u00e9m coordena junto ao Sistema a base de dados dos visitantes.<br \/>\n[\/vc_column_text][vc_empty_space][\/vc_column][vc_column width=&#8221;1\/2&#8243;][vc_empty_space][vc_column_text]O Apartamento de Sistemas \u00e9 a alma mater tecnol\u00f3gica da empresa, ela d\u00e1 solu\u00e7\u00f5es aos requerimentos inform\u00e1ticos da mesma. O apartamento de Sistemas desenvolve e dirige os sites da Internet, d\u00e1 suporte t\u00e9cnico e aperfei\u00e7oa as ferramentas inform\u00e1ticas a disposi\u00e7\u00e3o dos outros setores. Alem disso, desenvolve e coordena, conjuntamente com Opera\u00e7\u00f5es, a sistematiza\u00e7\u00e3o e a log\u00edstica dos acessos \u00e0s exposi\u00e7\u00f5es, com aplica\u00e7\u00f5es de tecnologias da informa\u00e7\u00e3o que resultam em um r\u00e1pido e preciso Sistema de Acredita\u00e7\u00e3o ao servi\u00e7o do visitante profissional. Da mesma forma, gerencia uma base de dados de conte\u00fados comerciais de mas de 200000 registros.[\/vc_column_text][vc_separator type=&#8221;small&#8221; position=&#8221;center&#8221; color=&#8221;#f47a20&#8243; transparency=&#8221;1&#8243; thickness=&#8221;1&#8243; up=&#8221;10&#8243; down=&#8221;10&#8243;][vc_column_text]O Apartamento de Marketing, Desenho e Comunica\u00e7\u00e3o monta as campanhas dirigidas aos p\u00fablicos expositores e visitantes dos eventos feriais e congressos, aos diferentes anunciantes e leitores dos diferentes meios de comunica\u00e7\u00e3o. Da mesma forma mant\u00eam as rela\u00e7\u00f5es institucionais com os diferentes setores, como assim tamb\u00e9m interage com embaixadas e c\u00e2meras, desenvolve e produz as campanhas publicit\u00e1ria e produz os folhetos para uso comercial e institucional. Tamb\u00e9m compila e desenvolve os conte\u00fados para os sites Web.[\/vc_column_text][vc_separator type=&#8221;small&#8221; position=&#8221;center&#8221; color=&#8221;#f47a20&#8243; transparency=&#8221;1&#8243; thickness=&#8221;1&#8243; up=&#8221;10&#8243; down=&#8221;10&#8243;][vc_column_text]O Apartamento de imprensa tem montado uma equipe profissional especializado nos setores alvo da empresa. Produzem os conte\u00fados dos diferentes meios de comunica\u00e7\u00e3o, mant\u00eam a rela\u00e7\u00e3o com os pares de cada setor, confecciona periodicamente gazetinhas de imprensa, atende a imprensa de cada evento e leva adiante ela para outras institui\u00e7\u00f5es relacionadas \u00e0s atividades das exposi\u00e7\u00f5es.[\/vc_column_text][vc_separator type=&#8221;small&#8221; position=&#8221;center&#8221; color=&#8221;#f47a20&#8243; transparency=&#8221;1&#8243; thickness=&#8221;1&#8243; up=&#8221;10&#8243; down=&#8221;10&#8243;][vc_column_text]O Apartamento Administrativo d\u00e1 suporte ao Comercial e a Opera\u00e7\u00f5es em assunto dos cobros e pagamentos a provedores, conformado anualmente um plano de desenvolvimento econ\u00f4mico-financeiro.[\/vc_column_text][vc_separator type=&#8221;small&#8221; position=&#8221;center&#8221; color=&#8221;#f47a20&#8243; transparency=&#8221;1&#8243; thickness=&#8221;1&#8243; up=&#8221;10&#8243; down=&#8221;10&#8243;][vc_column_text]\u00c9 assim que EXPOTRADE possui uma ampla capacidade de a\u00e7\u00e3o ante as necessidades pr\u00f3prias e \u00e0s de seus clientes.[\/vc_column_text][vc_empty_space][\/vc_column][\/vc_row]<\/p>\n<\/div>","protected":false},"excerpt":{"rendered":"<p>[vc_row css_animation=&#8221;&#8221; row_type=&#8221;row&#8221; use_row_as_full_screen_section=&#8221;no&#8221; type=&#8221;grid&#8221; angled_section=&#8221;no&#8221; text_align=&#8221;left&#8221; background_image_as_pattern=&#8221;without_pattern&#8221; background_color=&#8221;#ffffff&#8221; border_color=&#8221;#eeeeee&#8221; padding_top=&#8221;73&#8243; padding_bottom=&#8221;0&#8243;][vc_column][vc_column_text] O caminho direto aos Bons Neg\u00f3cios [\/vc_column_text][vc_separator type=&#8221;small&#8221; position=&#8221;center&#8221; up=&#8221;20&#8243; down=&#8221;80&#8243;][vc_row_inner row_type=&#8221;row&#8221; type=&#8221;full_width&#8221; text_align=&#8221;left&#8221; css_animation=&#8221;&#8221;][vc_column_inner width=&#8221;1\/3&#8243;][vc_separator type=&#8221;transparent&#8221; up=&#8221;93&#8243; down=&#8221;0&#8243;][vc_column_text]EXPOTRADE \u00e9 uma empresa dedicada \u00e0 organiza\u00e7\u00e3o integral e a comercializa\u00e7\u00e3o de exposi\u00e7\u00f5es profissionais e&#8230;<\/p>\n","protected":false},"author":13341,"featured_media":0,"parent":0,"menu_order":0,"comment_status":"closed","ping_status":"closed","template":"full_width.php","meta":{"footnotes":"","_wp_rev_ctl_limit":""},"class_list":["post-17629","page","type-page","status-publish","hentry"],"_links":{"self":[{"href":"https:\/\/www.expotrade.com.ar\/br\/wp-json\/wp\/v2\/pages\/17629","targetHints":{"allow":["GET"]}}],"collection":[{"href":"https:\/\/www.expotrade.com.ar\/br\/wp-json\/wp\/v2\/pages"}],"about":[{"href":"https:\/\/www.expotrade.com.ar\/br\/wp-json\/wp\/v2\/types\/page"}],"author":[{"embeddable":true,"href":"https:\/\/www.expotrade.com.ar\/br\/wp-json\/wp\/v2\/users\/13341"}],"replies":[{"embeddable":true,"href":"https:\/\/www.expotrade.com.ar\/br\/wp-json\/wp\/v2\/comments?post=17629"}],"version-history":[{"count":3,"href":"https:\/\/www.expotrade.com.ar\/br\/wp-json\/wp\/v2\/pages\/17629\/revisions"}],"predecessor-version":[{"id":17653,"href":"https:\/\/www.expotrade.com.ar\/br\/wp-json\/wp\/v2\/pages\/17629\/revisions\/17653"}],"wp:attachment":[{"href":"https:\/\/www.expotrade.com.ar\/br\/wp-json\/wp\/v2\/media?parent=17629"}],"curies":[{"name":"wp","href":"https:\/\/api.w.org\/{rel}","templated":true}]}}